{"id":1372,"date":"2025-05-07T06:47:15","date_gmt":"2025-05-07T11:47:15","guid":{"rendered":"https:\/\/prueba.fogondepiedrarestaurante.com\/?page_id=1372"},"modified":"2025-05-07T06:52:32","modified_gmt":"2025-05-07T11:52:32","slug":"acompanamientos","status":"publish","type":"page","link":"https:\/\/prueba.fogondepiedrarestaurante.com\/es\/menu\/acompanamientos\/","title":{"rendered":"Acompa\u00f1amientos | Fog\u00f3n de Piedra"},"content":{"rendered":"\t\t<div data-elementor-type=\"wp-page\" data-elementor-id=\"1372\" class=\"elementor elementor-1372\" data-elementor-post-type=\"page\">\n\t\t\t\t<div class=\"elementor-element elementor-element-6891bee e-flex e-con-boxed e-con e-parent\" data-id=\"6891bee\" data-element_type=\"container\" data-settings=\"{&quot;background_background&quot;:&quot;classic&quot;,&quot;grandrestaurant_ext_is_background_parallax&quot;:&quot;false&quot;,&quot;grandrestaurant_ext_is_background_backdrop&quot;:&quot;false&quot;,&quot;grandrestaurant_ext_is_background_on_scroll&quot;:&quot;false&quot;,&quot;grandrestaurant_ext_link_reservation&quot;:&quot;false&quot;,&quot;grandrestaurant_ext_link_sidemenu&quot;:&quot;false&quot;,&quot;grandrestaurant_ext_link_fullmenu&quot;:&quot;false&quot;,&quot;grandrestaurant_ext_link_closed_fullmenu&quot;:&quot;false&quot;,&quot;grandrestaurant_ext_is_scrollme&quot;:&quot;false&quot;,&quot;grandrestaurant_ext_is_smoove&quot;:&quot;false&quot;,&quot;grandrestaurant_ext_is_parallax_mouse&quot;:&quot;false&quot;,&quot;grandrestaurant_ext_is_infinite&quot;:&quot;false&quot;,&quot;grandrestaurant_ext_is_fadeout_animation&quot;:&quot;false&quot;,&quot;grandrestaurant_ext_mobile_static&quot;:&quot;false&quot;}\">\n\t\t\t\t\t<div class=\"e-con-inner\">\n\t\t\t\t<div class=\"elementor-element elementor-element-3e6ee9d elementor-widget__width-initial elementor-widget-divider--view-line elementor-widget elementor-widget-divider\" data-id=\"3e6ee9d\" data-element_type=\"widget\" data-settings=\"{&quot;grandrestaurant_ext_link_reservation&quot;:&quot;false&quot;,&quot;grandrestaurant_ext_link_sidemenu&quot;:&quot;false&quot;,&quot;grandrestaurant_ext_link_fullmenu&quot;:&quot;false&quot;,&quot;grandrestaurant_ext_link_closed_fullmenu&quot;:&quot;false&quot;,&quot;grandrestaurant_ext_is_scrollme&quot;:&quot;false&quot;,&quot;grandrestaurant_ext_is_smoove&quot;:&quot;false&quot;,&quot;grandrestaurant_ext_is_parallax_mouse&quot;:&quot;false&quot;,&quot;grandrestaurant_ext_is_infinite&quot;:&quot;false&quot;,&quot;grandrestaurant_ext_is_fadeout_animation&quot;:&quot;false&quot;,&quot;grandrestaurant_ext_mobile_static&quot;:&quot;false&quot;}\" data-widget_type=\"divider.default\">\n\t\t\t\t<div class=\"elementor-widget-container\">\n\t\t\t\t\t\t\t<div class=\"elementor-divider\">\n\t\t\t<span class=\"elementor-divider-separator\">\n\t\t\t\t\t\t<\/span>\n\t\t<\/div>\n\t\t\t\t\t\t<\/div>\n\t\t\t\t<\/div>\n\t\t\t\t<div class=\"elementor-element elementor-element-03f3f4a elementor-widget elementor-widget-heading\" data-id=\"03f3f4a\" data-element_type=\"widget\" data-settings=\"{&quot;grandrestaurant_ext_link_reservation&quot;:&quot;false&quot;,&quot;grandrestaurant_ext_link_sidemenu&quot;:&quot;false&quot;,&quot;grandrestaurant_ext_link_fullmenu&quot;:&quot;false&quot;,&quot;grandrestaurant_ext_link_closed_fullmenu&quot;:&quot;false&quot;,&quot;grandrestaurant_ext_is_scrollme&quot;:&quot;false&quot;,&quot;grandrestaurant_ext_is_smoove&quot;:&quot;false&quot;,&quot;grandrestaurant_ext_is_parallax_mouse&quot;:&quot;false&quot;,&quot;grandrestaurant_ext_is_infinite&quot;:&quot;false&quot;,&quot;grandrestaurant_ext_is_fadeout_animation&quot;:&quot;false&quot;,&quot;grandrestaurant_ext_mobile_static&quot;:&quot;false&quot;}\" data-widget_type=\"heading.default\">\n\t\t\t\t<div class=\"elementor-widget-container\">\n\t\t\t\t\t<h2 class=\"elementor-heading-title elementor-size-default\">Acompa\u00f1amientos<\/h2>\t\t\t\t<\/div>\n\t\t\t\t<\/div>\n\t\t\t\t<div class=\"elementor-element elementor-element-c647e3f elementor-widget__width-initial elementor-widget-divider--view-line elementor-widget elementor-widget-divider\" data-id=\"c647e3f\" data-element_type=\"widget\" data-settings=\"{&quot;grandrestaurant_ext_link_reservation&quot;:&quot;false&quot;,&quot;grandrestaurant_ext_link_sidemenu&quot;:&quot;false&quot;,&quot;grandrestaurant_ext_link_fullmenu&quot;:&quot;false&quot;,&quot;grandrestaurant_ext_link_closed_fullmenu&quot;:&quot;false&quot;,&quot;grandrestaurant_ext_is_scrollme&quot;:&quot;false&quot;,&quot;grandrestaurant_ext_is_smoove&quot;:&quot;false&quot;,&quot;grandrestaurant_ext_is_parallax_mouse&quot;:&quot;false&quot;,&quot;grandrestaurant_ext_is_infinite&quot;:&quot;false&quot;,&quot;grandrestaurant_ext_is_fadeout_animation&quot;:&quot;false&quot;,&quot;grandrestaurant_ext_mobile_static&quot;:&quot;false&quot;}\" data-widget_type=\"divider.default\">\n\t\t\t\t<div class=\"elementor-widget-container\">\n\t\t\t\t\t\t\t<div class=\"elementor-divider\">\n\t\t\t<span class=\"elementor-divider-separator\">\n\t\t\t\t\t\t<\/span>\n\t\t<\/div>\n\t\t\t\t\t\t<\/div>\n\t\t\t\t<\/div>\n\t\t\t\t\t<\/div>\n\t\t\t\t<\/div>\n\t\t<div class=\"elementor-element elementor-element-9c0dbc0 e-flex e-con-boxed e-con e-parent\" data-id=\"9c0dbc0\" data-element_type=\"container\" data-settings=\"{&quot;grandrestaurant_ext_is_background_parallax&quot;:&quot;false&quot;,&quot;grandrestaurant_ext_is_background_backdrop&quot;:&quot;false&quot;,&quot;grandrestaurant_ext_is_background_on_scroll&quot;:&quot;false&quot;,&quot;grandrestaurant_ext_link_reservation&quot;:&quot;false&quot;,&quot;grandrestaurant_ext_link_sidemenu&quot;:&quot;false&quot;,&quot;grandrestaurant_ext_link_fullmenu&quot;:&quot;false&quot;,&quot;grandrestaurant_ext_link_closed_fullmenu&quot;:&quot;false&quot;,&quot;grandrestaurant_ext_is_scrollme&quot;:&quot;false&quot;,&quot;grandrestaurant_ext_is_smoove&quot;:&quot;false&quot;,&quot;grandrestaurant_ext_is_parallax_mouse&quot;:&quot;false&quot;,&quot;grandrestaurant_ext_is_infinite&quot;:&quot;false&quot;,&quot;grandrestaurant_ext_is_fadeout_animation&quot;:&quot;false&quot;,&quot;grandrestaurant_ext_mobile_static&quot;:&quot;false&quot;}\">\n\t\t\t\t\t<div class=\"e-con-inner\">\n\t\t<div class=\"elementor-element elementor-element-7c79c7e e-con-full e-flex e-con e-child\" data-id=\"7c79c7e\" data-element_type=\"container\" data-settings=\"{&quot;grandrestaurant_ext_is_background_parallax&quot;:&quot;false&quot;,&quot;grandrestaurant_ext_is_background_backdrop&quot;:&quot;false&quot;,&quot;grandrestaurant_ext_is_background_on_scroll&quot;:&quot;false&quot;,&quot;grandrestaurant_ext_link_reservation&quot;:&quot;false&quot;,&quot;grandrestaurant_ext_link_sidemenu&quot;:&quot;false&quot;,&quot;grandrestaurant_ext_link_fullmenu&quot;:&quot;false&quot;,&quot;grandrestaurant_ext_link_closed_fullmenu&quot;:&quot;false&quot;,&quot;grandrestaurant_ext_is_scrollme&quot;:&quot;false&quot;,&quot;grandrestaurant_ext_is_smoove&quot;:&quot;false&quot;,&quot;grandrestaurant_ext_is_parallax_mouse&quot;:&quot;false&quot;,&quot;grandrestaurant_ext_is_infinite&quot;:&quot;false&quot;,&quot;grandrestaurant_ext_is_fadeout_animation&quot;:&quot;false&quot;,&quot;grandrestaurant_ext_mobile_static&quot;:&quot;false&quot;}\">\n\t\t\t\t<div class=\"elementor-element elementor-element-56d6df6 elementor-widget elementor-widget-grandrestaurant-food-menu\" data-id=\"56d6df6\" data-element_type=\"widget\" data-settings=\"{&quot;divider_color&quot;:&quot;#FFFFFF45&quot;,&quot;grandrestaurant_ext_link_reservation&quot;:&quot;false&quot;,&quot;grandrestaurant_ext_link_sidemenu&quot;:&quot;false&quot;,&quot;grandrestaurant_ext_link_fullmenu&quot;:&quot;false&quot;,&quot;grandrestaurant_ext_link_closed_fullmenu&quot;:&quot;false&quot;,&quot;grandrestaurant_ext_is_scrollme&quot;:&quot;false&quot;,&quot;grandrestaurant_ext_is_smoove&quot;:&quot;false&quot;,&quot;grandrestaurant_ext_is_parallax_mouse&quot;:&quot;false&quot;,&quot;grandrestaurant_ext_is_infinite&quot;:&quot;false&quot;,&quot;grandrestaurant_ext_is_fadeout_animation&quot;:&quot;false&quot;,&quot;grandrestaurant_ext_mobile_static&quot;:&quot;false&quot;}\" data-widget_type=\"grandrestaurant-food-menu.default\">\n\t\t\t\t<div class=\"elementor-widget-container\">\n\t\t\t\t\t<div class=\"food-menu-container\">\n<div class=\"food-menu-content-wrapper food-menu\">\n\t\t<div class=\"food-menu-grid-wrapper food-tooltip food-menu-1 \" >\n\t\t\t\n\t\t\t\t\t\t\n\t\t\t\t\t\t\n\t\t\t\t\t\t\t<div class=\"food-menu-img\">\n\t\t\t\t\t\t\t\t\t\t\t<img decoding=\"async\" src=\"https:\/\/prueba.fogondepiedrarestaurante.com\/wp-content\/uploads\/2025\/05\/preview-fogon-piedra-150x150.webp\" alt=\"\" \/>\n\t\t\t\t\t\t\t\t\t<\/div>\n\t\t\t\n\t\t\t<div class=\"food-menu-content  \">\n\t\t\t\t\n\t\t\t\t<div class=\"food-menu-content-top-holder\">\n\t\t\t\t\t<div class=\"food-menu-content-title-holder\">\n\t\t\t\t\t\t<h3 class=\"food-menu-title\">\n\t\t\t\t\t\t\t\t\t\t\t\t\t\tPapas r\u00fasticas\t\t\t\t\t\t\t\t\t\t\t\t\t<\/h3>\n\t\t\t\t\t<\/div>\n\t\t\t\t\t\n\t\t\t\t\t<div class=\"food-menu-content-title-line\"><\/div>\n\t\t\t\t\t\n\t\t\t\t\t\t\t\t\t\t<div class=\"food-menu-content-price-holder\">\n\t\t\t\t\t\t<span class=\"food-menu-content-price-normal\">\n\t\t\t\t\t\t\t$23\t\t\t\t\t\t<\/span>\n\t\t\t\t\t<\/div>\n\t\t\t\t\t\t\t\t\t<\/div>\n\t\t\t\t\n\t\t\t\t<div class=\"food-menu-desc\">Papas fritas con sal de paprika.<\/div>\n\t\t\t\t\n\t\t\t\t\t\t\t<\/div>\n\t\t<\/div>\n\t\t<div class=\"food-menu-grid-wrapper food-tooltip food-menu-2 \" >\n\t\t\t\n\t\t\t\t\t\t\n\t\t\t\t\t\t\n\t\t\t\t\t\t\t<div class=\"food-menu-img\">\n\t\t\t\t\t\t\t\t\t\t\t<img decoding=\"async\" src=\"https:\/\/prueba.fogondepiedrarestaurante.com\/wp-content\/uploads\/2025\/05\/preview-fogon-piedra-150x150.webp\" alt=\"\" \/>\n\t\t\t\t\t\t\t\t\t<\/div>\n\t\t\t\n\t\t\t<div class=\"food-menu-content  \">\n\t\t\t\t\n\t\t\t\t<div class=\"food-menu-content-top-holder\">\n\t\t\t\t\t<div class=\"food-menu-content-title-holder\">\n\t\t\t\t\t\t<h3 class=\"food-menu-title\">\n\t\t\t\t\t\t\t\t\t\t\t\t\t\tPur\u00e9 de ma\u00edz\t\t\t\t\t\t\t\t\t\t\t\t\t<\/h3>\n\t\t\t\t\t<\/div>\n\t\t\t\t\t\n\t\t\t\t\t<div class=\"food-menu-content-title-line\"><\/div>\n\t\t\t\t\t\n\t\t\t\t\t\t\t\t\t\t<div class=\"food-menu-content-price-holder\">\n\t\t\t\t\t\t<span class=\"food-menu-content-price-normal\">\n\t\t\t\t\t\t\t$19\t\t\t\t\t\t<\/span>\n\t\t\t\t\t<\/div>\n\t\t\t\t\t\t\t\t\t<\/div>\n\t\t\t\t\n\t\t\t\t<div class=\"food-menu-desc\"><\/div>\n\t\t\t\t\n\t\t\t\t\t\t\t<\/div>\n\t\t<\/div>\n\t\t<div class=\"food-menu-grid-wrapper food-tooltip food-menu-3 \" >\n\t\t\t\n\t\t\t\t\t\t\n\t\t\t\t\t\t\n\t\t\t\t\t\t\t<div class=\"food-menu-img\">\n\t\t\t\t\t\t\t\t\t\t\t<img decoding=\"async\" src=\"https:\/\/prueba.fogondepiedrarestaurante.com\/wp-content\/uploads\/2025\/05\/preview-fogon-piedra-150x150.webp\" alt=\"\" \/>\n\t\t\t\t\t\t\t\t\t<\/div>\n\t\t\t\n\t\t\t<div class=\"food-menu-content  \">\n\t\t\t\t\n\t\t\t\t<div class=\"food-menu-content-top-holder\">\n\t\t\t\t\t<div class=\"food-menu-content-title-holder\">\n\t\t\t\t\t\t<h3 class=\"food-menu-title\">\n\t\t\t\t\t\t\t\t\t\t\t\t\t\tArroz con costra y ceboll\u00edn\t\t\t\t\t\t\t\t\t\t\t\t\t<\/h3>\n\t\t\t\t\t<\/div>\n\t\t\t\t\t\n\t\t\t\t\t<div class=\"food-menu-content-title-line\"><\/div>\n\t\t\t\t\t\n\t\t\t\t\t\t\t\t\t\t<div class=\"food-menu-content-price-holder\">\n\t\t\t\t\t\t<span class=\"food-menu-content-price-normal\">\n\t\t\t\t\t\t\t$20\t\t\t\t\t\t<\/span>\n\t\t\t\t\t<\/div>\n\t\t\t\t\t\t\t\t\t<\/div>\n\t\t\t\t\n\t\t\t\t<div class=\"food-menu-desc\">Hecho en sart\u00e9n con queso parmesano ligeramente crocante.<\/div>\n\t\t\t\t\n\t\t\t\t\t\t\t<\/div>\n\t\t<\/div>\n\t\t<div class=\"food-menu-grid-wrapper food-tooltip food-menu-4 \" >\n\t\t\t\n\t\t\t\t\t\t\n\t\t\t\t\t\t\n\t\t\t\t\t\t\t<div class=\"food-menu-img\">\n\t\t\t\t\t\t\t\t\t\t\t<img decoding=\"async\" src=\"https:\/\/prueba.fogondepiedrarestaurante.com\/wp-content\/uploads\/2025\/05\/preview-fogon-piedra-150x150.webp\" alt=\"\" \/>\n\t\t\t\t\t\t\t\t\t<\/div>\n\t\t\t\n\t\t\t<div class=\"food-menu-content  \">\n\t\t\t\t\n\t\t\t\t<div class=\"food-menu-content-top-holder\">\n\t\t\t\t\t<div class=\"food-menu-content-title-holder\">\n\t\t\t\t\t\t<h3 class=\"food-menu-title\">\n\t\t\t\t\t\t\t\t\t\t\t\t\t\tEsp\u00e1rragos a la parrilla\t\t\t\t\t\t\t\t\t\t\t\t\t<\/h3>\n\t\t\t\t\t<\/div>\n\t\t\t\t\t\n\t\t\t\t\t<div class=\"food-menu-content-title-line\"><\/div>\n\t\t\t\t\t\n\t\t\t\t\t\t\t\t\t\t<div class=\"food-menu-content-price-holder\">\n\t\t\t\t\t\t<span class=\"food-menu-content-price-normal\">\n\t\t\t\t\t\t\t$26\t\t\t\t\t\t<\/span>\n\t\t\t\t\t<\/div>\n\t\t\t\t\t\t\t\t\t<\/div>\n\t\t\t\t\n\t\t\t\t<div class=\"food-menu-desc\">Hechos en parrilla de carb\u00f3n, servidos con aceite de oliva y pimienta molida.<\/div>\n\t\t\t\t\n\t\t\t\t\t\t\t<\/div>\n\t\t<\/div>\n<\/div>\n<\/div>\t\t\t\t<\/div>\n\t\t\t\t<\/div>\n\t\t\t\t<div class=\"elementor-element elementor-element-2c57168 elementor-widget__width-auto elementor-absolute elementor-widget elementor-widget-image\" data-id=\"2c57168\" data-element_type=\"widget\" data-settings=\"{&quot;_position&quot;:&quot;absolute&quot;,&quot;grandrestaurant_ext_link_reservation&quot;:&quot;false&quot;,&quot;grandrestaurant_ext_link_sidemenu&quot;:&quot;false&quot;,&quot;grandrestaurant_ext_link_fullmenu&quot;:&quot;false&quot;,&quot;grandrestaurant_ext_link_closed_fullmenu&quot;:&quot;false&quot;,&quot;grandrestaurant_ext_is_scrollme&quot;:&quot;false&quot;,&quot;grandrestaurant_ext_is_smoove&quot;:&quot;false&quot;,&quot;grandrestaurant_ext_is_parallax_mouse&quot;:&quot;false&quot;,&quot;grandrestaurant_ext_is_infinite&quot;:&quot;false&quot;,&quot;grandrestaurant_ext_is_fadeout_animation&quot;:&quot;false&quot;,&quot;grandrestaurant_ext_mobile_static&quot;:&quot;false&quot;}\" data-widget_type=\"image.default\">\n\t\t\t\t<div class=\"elementor-widget-container\">\n\t\t\t\t\t\t\t\t\t\t\t\t\t\t\t<img fetchpriority=\"high\" decoding=\"async\" width=\"320\" height=\"310\" src=\"https:\/\/prueba.fogondepiedrarestaurante.com\/wp-content\/uploads\/2023\/10\/18-1-1.png\" class=\"attachment-full size-full wp-image-584\" alt=\"\" \/>\t\t\t\t\t\t\t\t\t\t\t\t\t\t\t<\/div>\n\t\t\t\t<\/div>\n\t\t\t\t<\/div>\n\t\t\t\t\t<\/div>\n\t\t\t\t<\/div>\n\t\t\t\t<\/div>\n\t\t","protected":false},"excerpt":{"rendered":"<p>Acompa\u00f1amientos Arroz con costra y ceboll\u00edn $20 Hecho en sart\u00e9n con queso parmesano ligeramente crocante.<\/p>\n","protected":false},"author":1,"featured_media":0,"parent":554,"menu_order":0,"comment_status":"closed","ping_status":"closed","template":"elementor_header_footer","meta":{"footnotes":""},"class_list":["post-1372","page","type-page","status-publish","hentry"],"_links":{"self":[{"href":"https:\/\/prueba.fogondepiedrarestaurante.com\/es\/wp-json\/wp\/v2\/pages\/1372","targetHints":{"allow":["GET"]}}],"collection":[{"href":"https:\/\/prueba.fogondepiedrarestaurante.com\/es\/wp-json\/wp\/v2\/pages"}],"about":[{"href":"https:\/\/prueba.fogondepiedrarestaurante.com\/es\/wp-json\/wp\/v2\/types\/page"}],"author":[{"embeddable":true,"href":"https:\/\/prueba.fogondepiedrarestaurante.com\/es\/wp-json\/wp\/v2\/users\/1"}],"replies":[{"embeddable":true,"href":"https:\/\/prueba.fogondepiedrarestaurante.com\/es\/wp-json\/wp\/v2\/comments?post=1372"}],"version-history":[{"count":4,"href":"https:\/\/prueba.fogondepiedrarestaurante.com\/es\/wp-json\/wp\/v2\/pages\/1372\/revisions"}],"predecessor-version":[{"id":1379,"href":"https:\/\/prueba.fogondepiedrarestaurante.com\/es\/wp-json\/wp\/v2\/pages\/1372\/revisions\/1379"}],"up":[{"embeddable":true,"href":"https:\/\/prueba.fogondepiedrarestaurante.com\/es\/wp-json\/wp\/v2\/pages\/554"}],"wp:attachment":[{"href":"https:\/\/prueba.fogondepiedrarestaurante.com\/es\/wp-json\/wp\/v2\/media?parent=1372"}],"curies":[{"name":"wp","href":"https:\/\/api.w.org\/{rel}","templated":true}]}}